{"id":1789,"date":"2024-11-07T06:34:21","date_gmt":"2024-11-07T06:34:21","guid":{"rendered":"https:\/\/2025.iswi.org\/?page_id=1789"},"modified":"2025-08-04T13:40:04","modified_gmt":"2025-08-04T13:40:04","slug":"what-is-iswi","status":"publish","type":"page","link":"https:\/\/2025.iswi.org\/de\/what-is-iswi\/","title":{"rendered":"Was ist ISWI?"},"content":{"rendered":"<div data-elementor-type=\"wp-page\" data-elementor-id=\"1789\" class=\"elementor elementor-1789\">\n\t\t\t\t<div class=\"elementor-element elementor-element-8eaa851 e-flex e-con-boxed e-con e-parent\" data-id=\"8eaa851\" data-element_type=\"container\">\n\t\t\t\t\t<div class=\"e-con-inner\">\n\t\t\t\t<div class=\"elementor-element elementor-element-063f9c6 elementor-widget elementor-widget-heading\" data-id=\"063f9c6\" data-element_type=\"widget\" data-widget_type=\"heading.default\">\n\t\t\t\t<div class=\"elementor-widget-container\">\n\t\t\t\t\t<h1 class=\"elementor-heading-title elementor-size-default\">Was ist ISWI?<\/h1>\t\t\t\t<\/div>\n\t\t\t\t<\/div>\n\t\t\t\t\t<\/div>\n\t\t\t\t<\/div>\n\t\t<div class=\"elementor-element elementor-element-4f1dea6 e-flex e-con-boxed e-con e-parent\" data-id=\"4f1dea6\" data-element_type=\"container\">\n\t\t\t\t\t<div class=\"e-con-inner\">\n\t\t\t\t<div class=\"elementor-element elementor-element-96256bb elementor-widget elementor-widget-heading\" data-id=\"96256bb\" data-element_type=\"widget\" data-widget_type=\"heading.default\">\n\t\t\t\t<div class=\"elementor-widget-container\">\n\t\t\t\t\t<h3 class=\"elementor-heading-title elementor-size-default\">ISWI 2025<\/h3>\t\t\t\t<\/div>\n\t\t\t\t<\/div>\n\t\t\t\t\t<\/div>\n\t\t\t\t<\/div>\n\t\t<div class=\"elementor-element elementor-element-0fb2ddc e-flex e-con-boxed e-con e-parent\" data-id=\"0fb2ddc\" data-element_type=\"container\">\n\t\t\t\t\t<div class=\"e-con-inner\">\n\t\t\t\t<div class=\"elementor-element elementor-element-d78ec6d elementor-widget elementor-widget-text-editor\" data-id=\"d78ec6d\" data-element_type=\"widget\" data-widget_type=\"text-editor.default\">\n\t\t\t\t<div class=\"elementor-widget-container\">\n\t\t\t\t\t\t\t\t\t<p>Die \u201eInternational Student Week in Ilmenau\u201c (ISWI) ist eine Konferenz f\u00fcr Studierende, die von Studierenden organisiert wird. Sie findet alle zwei Jahre auf dem Campus der Technischen Universit\u00e4t Ilmenau statt.<\/p>\t\t\t\t\t\t\t\t<\/div>\n\t\t\t\t<\/div>\n\t\t\t\t\t<\/div>\n\t\t\t\t<\/div>\n\t\t<div class=\"elementor-element elementor-element-4dbfab5 e-flex e-con-boxed e-con e-parent\" data-id=\"4dbfab5\" data-element_type=\"container\">\n\t\t\t\t\t<div class=\"e-con-inner\">\n\t\t<div class=\"elementor-element elementor-element-0100955 e-con-full e-flex e-con e-child\" data-id=\"0100955\" data-element_type=\"container\">\n\t\t\t\t<div class=\"elementor-element elementor-element-3c8ab7b elementor-widget elementor-widget-image\" data-id=\"3c8ab7b\" data-element_type=\"widget\" data-widget_type=\"image.default\">\n\t\t\t\t<div class=\"elementor-widget-container\">\n\t\t\t\t\t\t\t\t\t\t\t\t\t\t\t<img fetchpriority=\"high\" decoding=\"async\" width=\"1024\" height=\"683\" src=\"https:\/\/2025.iswi.org\/wp-content\/uploads\/sites\/35\/2025\/05\/53042693132_3df7c7f64d_k-1024x683.jpg\" class=\"elementor-animation-sink attachment-large size-large wp-image-2772\" alt=\"\" srcset=\"https:\/\/2025.iswi.org\/wp-content\/uploads\/sites\/35\/2025\/05\/53042693132_3df7c7f64d_k-1024x683.jpg 1024w, https:\/\/2025.iswi.org\/wp-content\/uploads\/sites\/35\/2025\/05\/53042693132_3df7c7f64d_k-300x200.jpg 300w, https:\/\/2025.iswi.org\/wp-content\/uploads\/sites\/35\/2025\/05\/53042693132_3df7c7f64d_k-768x512.jpg 768w, https:\/\/2025.iswi.org\/wp-content\/uploads\/sites\/35\/2025\/05\/53042693132_3df7c7f64d_k-1536x1024.jpg 1536w, https:\/\/2025.iswi.org\/wp-content\/uploads\/sites\/35\/2025\/05\/53042693132_3df7c7f64d_k-18x12.jpg 18w, https:\/\/2025.iswi.org\/wp-content\/uploads\/sites\/35\/2025\/05\/53042693132_3df7c7f64d_k.jpg 2048w\" sizes=\"(max-width: 1024px) 100vw, 1024px\" \/>\t\t\t\t\t\t\t\t\t\t\t\t\t\t\t<\/div>\n\t\t\t\t<\/div>\n\t\t\t\t<\/div>\n\t\t<div class=\"elementor-element elementor-element-a8ab79c e-con-full e-flex e-con e-child\" data-id=\"a8ab79c\" data-element_type=\"container\">\n\t\t\t\t<div class=\"elementor-element elementor-element-3a4f1b0 elementor-widget elementor-widget-text-editor\" data-id=\"3a4f1b0\" data-element_type=\"widget\" data-widget_type=\"text-editor.default\">\n\t\t\t\t<div class=\"elementor-widget-container\">\n\t\t\t\t\t\t\t\t\t<p>An der letzten ISWI im Jahr 2019 nahmen \u00fcber 370 Teilnehmer aus mehr als 70 verschiedenen L\u00e4ndern teil, an der darauffolgenden ISWI im Jahr 2023 waren es rund 190 Teilnehmer und an der Online-Version im Jahr 2021 waren rund 200 Teilnehmer aktiv, bei einigen Veranstaltungen sogar bis zu 500. Im Vergleich zu anderen \u00e4hnlichen Veranstaltungen zeichnet sich die ISWI durch ihren Fokus auf Gruppenarbeit, Vortr\u00e4ge und Debatten zu einem bestimmten Hauptthema aus, dem die Konferenz gewidmet ist. Als Hauptthema versucht das Organisationskomitee immer Spannungsfelder zu finden, die aktuelle Probleme und Entwicklungen in der Welt beinhalten.<\/p><p>Das Hauptziel der ISWI ist es, junge Menschen aus der ganzen Welt zusammenzubringen und als Plattform f\u00fcr den Austausch und das Kennenlernen sowie f\u00fcr Diskussionen und die Erarbeitung von Ideen zur L\u00f6sung aktueller Probleme zu dienen. Die offizielle Sprache der Konferenz ist Englisch.<\/p>\t\t\t\t\t\t\t\t<\/div>\n\t\t\t\t<\/div>\n\t\t\t\t<\/div>\n\t\t\t\t\t<\/div>\n\t\t\t\t<\/div>\n\t\t<div class=\"elementor-element elementor-element-00e728f e-flex e-con-boxed e-con e-parent\" data-id=\"00e728f\" data-element_type=\"container\">\n\t\t\t\t\t<div class=\"e-con-inner\">\n\t\t\t\t<div class=\"elementor-element elementor-element-d99fbd4 elementor-widget elementor-widget-text-editor\" data-id=\"d99fbd4\" data-element_type=\"widget\" data-widget_type=\"text-editor.default\">\n\t\t\t\t<div class=\"elementor-widget-container\">\n\t\t\t\t\t\t\t\t\t<p>Jede ISWI befasst sich mit einem anderen Thema. F\u00fcr 2025 haben wir das Thema \u201eMacht teilen, Chancen geben und Beteiligung erm\u00f6glichen\u201c mit dem Titel und Motto gew\u00e4hlt: <strong>Spark the Part(y)cipation.<\/strong><\/p>\t\t\t\t\t\t\t\t<\/div>\n\t\t\t\t<\/div>\n\t\t\t\t\t<\/div>\n\t\t\t\t<\/div>\n\t\t<div class=\"elementor-element elementor-element-4feface e-flex e-con-boxed e-con e-parent\" data-id=\"4feface\" data-element_type=\"container\">\n\t\t\t\t\t<div class=\"e-con-inner\">\n\t\t\t\t<div class=\"elementor-element elementor-element-37262e1 elementor-button-success elementor-align-center elementor-widget elementor-widget-button\" data-id=\"37262e1\" data-element_type=\"widget\" data-widget_type=\"button.default\">\n\t\t\t\t<div class=\"elementor-widget-container\">\n\t\t\t\t\t\t\t\t\t<div class=\"elementor-button-wrapper\">\n\t\t\t\t\t<a class=\"elementor-button elementor-button-link elementor-size-sm\" href=\"#\">\n\t\t\t\t\t\t<span class=\"elementor-button-content-wrapper\">\n\t\t\t\t\t\t\t\t\t<span class=\"elementor-button-text\">12. - 21. Juni 2025<\/span>\n\t\t\t\t\t<\/span>\n\t\t\t\t\t<\/a>\n\t\t\t\t<\/div>\n\t\t\t\t\t\t\t\t<\/div>\n\t\t\t\t<\/div>\n\t\t\t\t<div class=\"elementor-element elementor-element-f22f358 elementor-button-success elementor-align-center elementor-widget elementor-widget-button\" data-id=\"f22f358\" data-element_type=\"widget\" data-widget_type=\"button.default\">\n\t\t\t\t<div class=\"elementor-widget-container\">\n\t\t\t\t\t\t\t\t\t<div class=\"elementor-button-wrapper\">\n\t\t\t\t\t<a class=\"elementor-button elementor-button-link elementor-size-sm\" href=\"https:\/\/2025.iswi.org\/ilmenau-the-university\/\">\n\t\t\t\t\t\t<span class=\"elementor-button-content-wrapper\">\n\t\t\t\t\t\t\t\t\t<span class=\"elementor-button-text\">Ilmenau, Germany<\/span>\n\t\t\t\t\t<\/span>\n\t\t\t\t\t<\/a>\n\t\t\t\t<\/div>\n\t\t\t\t\t\t\t\t<\/div>\n\t\t\t\t<\/div>\n\t\t\t\t\t<\/div>\n\t\t\t\t<\/div>\n\t\t<div class=\"elementor-element elementor-element-c1f684e e-flex e-con-boxed e-con e-parent\" data-id=\"c1f684e\" data-element_type=\"container\">\n\t\t\t\t\t<div class=\"e-con-inner\">\n\t\t\t\t<div class=\"elementor-element elementor-element-c3c3153 elementor-widget elementor-widget-heading\" data-id=\"c3c3153\" data-element_type=\"widget\" data-widget_type=\"heading.default\">\n\t\t\t\t<div class=\"elementor-widget-container\">\n\t\t\t\t\t<h3 class=\"elementor-heading-title elementor-size-default\">Macht teilen, Chancen bieten und Teilhabe erm\u00f6glichen<\/h3>\t\t\t\t<\/div>\n\t\t\t\t<\/div>\n\t\t\t\t\t<\/div>\n\t\t\t\t<\/div>\n\t\t<div class=\"elementor-element elementor-element-daabf77 e-flex e-con-boxed e-con e-parent\" data-id=\"daabf77\" data-element_type=\"container\">\n\t\t\t\t\t<div class=\"e-con-inner\">\n\t\t\t\t<div class=\"elementor-element elementor-element-9f4913b elementor-widget elementor-widget-text-editor\" data-id=\"9f4913b\" data-element_type=\"widget\" data-widget_type=\"text-editor.default\">\n\t\t\t\t<div class=\"elementor-widget-container\">\n\t\t\t\t\t\t\t\t\t<p>Das Thema der ISWI 2025 lautet: <strong>Macht teilen, Chancen geben und Beteiligung erm\u00f6glichen<\/strong><\/p>\t\t\t\t\t\t\t\t<\/div>\n\t\t\t\t<\/div>\n\t\t\t\t\t<\/div>\n\t\t\t\t<\/div>\n\t\t<div class=\"elementor-element elementor-element-c2654d9 e-flex e-con-boxed e-con e-parent\" data-id=\"c2654d9\" data-element_type=\"container\">\n\t\t\t\t\t<div class=\"e-con-inner\">\n\t\t<div class=\"elementor-element elementor-element-032771b e-con-full e-flex e-con e-child\" data-id=\"032771b\" data-element_type=\"container\">\n\t\t\t\t<div class=\"elementor-element elementor-element-2d9443b elementor-widget elementor-widget-image\" data-id=\"2d9443b\" data-element_type=\"widget\" data-widget_type=\"image.default\">\n\t\t\t\t<div class=\"elementor-widget-container\">\n\t\t\t\t\t\t\t\t\t\t\t\t\t\t\t<img decoding=\"async\" width=\"683\" height=\"1024\" src=\"https:\/\/2025.iswi.org\/wp-content\/uploads\/sites\/35\/2025\/05\/53058037260_6b627711d4_k-683x1024.jpg\" class=\"elementor-animation-sink attachment-large size-large wp-image-2783\" alt=\"\" srcset=\"https:\/\/2025.iswi.org\/wp-content\/uploads\/sites\/35\/2025\/05\/53058037260_6b627711d4_k-683x1024.jpg 683w, https:\/\/2025.iswi.org\/wp-content\/uploads\/sites\/35\/2025\/05\/53058037260_6b627711d4_k-200x300.jpg 200w, https:\/\/2025.iswi.org\/wp-content\/uploads\/sites\/35\/2025\/05\/53058037260_6b627711d4_k-768x1152.jpg 768w, https:\/\/2025.iswi.org\/wp-content\/uploads\/sites\/35\/2025\/05\/53058037260_6b627711d4_k-1024x1536.jpg 1024w, https:\/\/2025.iswi.org\/wp-content\/uploads\/sites\/35\/2025\/05\/53058037260_6b627711d4_k-8x12.jpg 8w, https:\/\/2025.iswi.org\/wp-content\/uploads\/sites\/35\/2025\/05\/53058037260_6b627711d4_k.jpg 1365w\" sizes=\"(max-width: 683px) 100vw, 683px\" \/>\t\t\t\t\t\t\t\t\t\t\t\t\t\t\t<\/div>\n\t\t\t\t<\/div>\n\t\t\t\t<\/div>\n\t\t<div class=\"elementor-element elementor-element-42b02f0 e-con-full e-flex e-con e-child\" data-id=\"42b02f0\" data-element_type=\"container\">\n\t\t\t\t<div class=\"elementor-element elementor-element-5bbe9f0 elementor-widget elementor-widget-text-editor\" data-id=\"5bbe9f0\" data-element_type=\"widget\" data-widget_type=\"text-editor.default\">\n\t\t\t\t<div class=\"elementor-widget-container\">\n\t\t\t\t\t\t\t\t\t<p>\u201eMacht teilen\u201c steht f\u00fcr eine Kultur des gegenseitigen Respekts, in der unterschiedliche Stimmen eine f\u00fchrende Rolle spielen und sinnvolle Beitr\u00e4ge leisten k\u00f6nnen. Es geht um die Idee, dass F\u00fchrung und Einfluss verteilt werden k\u00f6nnen, so dass jeder Ideen und Perspektiven einbringen kann, die die gemeinsamen Ziele beeinflussen.<\/p><p>\u201eChancen geben\u201c unterstreicht das Engagement daf\u00fcr, dass jeder Mensch, unabh\u00e4ngig von seinem Hintergrund, Zugang zu Ressourcen, Wissen und Plattformen hat, die ihm helfen, erfolgreich zu sein und zu wachsen. Wir glauben, dass Menschen ihr Potenzial entfalten und einen positiven Beitrag zur Welt leisten k\u00f6nnen, wenn ihnen sinnvolle M\u00f6glichkeiten geboten werden.<\/p><p>\u201eBeteiligung erm\u00f6glichen\u201c unterstreicht die Bedeutung von Engagement und Beteiligung. Es ist eine Aufforderung an alle, sich einzubringen, einen aktiven Beitrag zu leisten und sich als Teil von etwas Gr\u00f6\u00dferem zu f\u00fchlen. Es geht darum, eine Gemeinschaft zu schaffen, in der jeder ermutigt wird, sich zu beteiligen, voneinander zu lernen und an gemeinsamen Herausforderungen mitzuarbeiten.<\/p>\t\t\t\t\t\t\t\t<\/div>\n\t\t\t\t<\/div>\n\t\t\t\t<\/div>\n\t\t\t\t\t<\/div>\n\t\t\t\t<\/div>\n\t\t<div class=\"elementor-element elementor-element-685c9a0 e-flex e-con-boxed e-con e-parent\" data-id=\"685c9a0\" data-element_type=\"container\">\n\t\t\t\t\t<div class=\"e-con-inner\">\n\t\t\t\t<div class=\"elementor-element elementor-element-6e172da elementor-widget elementor-widget-text-editor\" data-id=\"6e172da\" data-element_type=\"widget\" data-widget_type=\"text-editor.default\">\n\t\t\t\t<div class=\"elementor-widget-container\">\n\t\t\t\t\t\t\t\t\t<div class=\"level2\"><p>Unser Ziel ist es, eine Plattform zu bieten, auf der Menschen zusammenkommen k\u00f6nnen, um sich gegenseitig zuzuh\u00f6ren und sich dann bef\u00e4higt zu f\u00fchlen, die F\u00fchrung zu \u00fcbernehmen, zu wachsen und sich voll und ganz an der kollektiven Erfahrung zu beteiligen, wodurch ein Gef\u00fchl der Gemeinschaft, der Einbeziehung und der gemeinsamen Verantwortung gef\u00f6rdert wird.<\/p><\/div>\t\t\t\t\t\t\t\t<\/div>\n\t\t\t\t<\/div>\n\t\t\t\t\t<\/div>\n\t\t\t\t<\/div>\n\t\t<div class=\"elementor-element elementor-element-21f0bbb e-flex e-con-boxed e-con e-parent\" data-id=\"21f0bbb\" data-element_type=\"container\">\n\t\t\t\t\t<div class=\"e-con-inner\">\n\t\t\t\t<div class=\"elementor-element elementor-element-98ba430 elementor-widget elementor-widget-heading\" data-id=\"98ba430\" data-element_type=\"widget\" data-widget_type=\"heading.default\">\n\t\t\t\t<div class=\"elementor-widget-container\">\n\t\t\t\t\t<h3 class=\"elementor-heading-title elementor-size-default\">Die Menschen hinter ISWI: Der Verein ISWI e. V.<\/h3>\t\t\t\t<\/div>\n\t\t\t\t<\/div>\n\t\t\t\t\t<\/div>\n\t\t\t\t<\/div>\n\t\t<div class=\"elementor-element elementor-element-9fdb155 e-flex e-con-boxed e-con e-parent\" data-id=\"9fdb155\" data-element_type=\"container\">\n\t\t\t\t\t<div class=\"e-con-inner\">\n\t\t<div class=\"elementor-element elementor-element-fa74d27 e-con-full e-flex e-con e-child\" data-id=\"fa74d27\" data-element_type=\"container\">\n\t\t\t\t<div class=\"elementor-element elementor-element-b9d0152 elementor-widget elementor-widget-image\" data-id=\"b9d0152\" data-element_type=\"widget\" data-widget_type=\"image.default\">\n\t\t\t\t<div class=\"elementor-widget-container\">\n\t\t\t\t\t\t\t\t\t\t\t\t\t\t\t<img decoding=\"async\" width=\"1024\" height=\"683\" src=\"https:\/\/2025.iswi.org\/wp-content\/uploads\/sites\/35\/2025\/05\/53057828924_f8f11b5a04_k-1024x683.jpg\" class=\"elementor-animation-sink attachment-large size-large wp-image-2780\" alt=\"\" srcset=\"https:\/\/2025.iswi.org\/wp-content\/uploads\/sites\/35\/2025\/05\/53057828924_f8f11b5a04_k-1024x683.jpg 1024w, https:\/\/2025.iswi.org\/wp-content\/uploads\/sites\/35\/2025\/05\/53057828924_f8f11b5a04_k-300x200.jpg 300w, https:\/\/2025.iswi.org\/wp-content\/uploads\/sites\/35\/2025\/05\/53057828924_f8f11b5a04_k-768x512.jpg 768w, https:\/\/2025.iswi.org\/wp-content\/uploads\/sites\/35\/2025\/05\/53057828924_f8f11b5a04_k-1536x1024.jpg 1536w, https:\/\/2025.iswi.org\/wp-content\/uploads\/sites\/35\/2025\/05\/53057828924_f8f11b5a04_k-18x12.jpg 18w, https:\/\/2025.iswi.org\/wp-content\/uploads\/sites\/35\/2025\/05\/53057828924_f8f11b5a04_k.jpg 2048w\" sizes=\"(max-width: 1024px) 100vw, 1024px\" \/>\t\t\t\t\t\t\t\t\t\t\t\t\t\t\t<\/div>\n\t\t\t\t<\/div>\n\t\t\t\t<\/div>\n\t\t<div class=\"elementor-element elementor-element-ab5ac39 e-con-full e-flex e-con e-child\" data-id=\"ab5ac39\" data-element_type=\"container\">\n\t\t\t\t<div class=\"elementor-element elementor-element-4a31681 elementor-widget elementor-widget-text-editor\" data-id=\"4a31681\" data-element_type=\"widget\" data-widget_type=\"text-editor.default\">\n\t\t\t\t<div class=\"elementor-widget-container\">\n\t\t\t\t\t\t\t\t\t<p>Die \u201eInitiative Solidarische Welt Ilmenau e.V.\u201c (ISWI e.V.), gegr\u00fcndet 1992, ist ein eingetragener Verein und eine NGO, die von Studenten geleitet wird, die die Projekte ehrenamtlich organisieren. Er hat den Status einer gemeinn\u00fctzigen und mildt\u00e4tigen Organisation. Wir haben uns zum Ziel gesetzt, gegen soziale Ungleichheit, Rassismus und Intoleranz zu k\u00e4mpfen sowie das gegenseitige Verst\u00e4ndnis zu f\u00f6rdern.\u00a0<\/p><p>Um dieses Ziel zu erreichen, organisieren wir Projekte, die auf aktuelle Probleme aufmerksam machen und eine offene Plattform bieten, um sich gegenseitig kennenzulernen, auszutauschen und L\u00f6sungen f\u00fcr diese Probleme zu erarbeiten. Unser Hauptprojekt, die \u201eInternationale Studierendenwoche in Ilmenau\u201c (ISWI), findet seit 1993 alle zwei Jahre an der Technischen Universit\u00e4t Ilmenau statt.<\/p>\t\t\t\t\t\t\t\t<\/div>\n\t\t\t\t<\/div>\n\t\t\t\t<\/div>\n\t\t\t\t\t<\/div>\n\t\t\t\t<\/div>\n\t\t<div class=\"elementor-element elementor-element-492ae07 e-flex e-con-boxed e-con e-parent\" data-id=\"492ae07\" data-element_type=\"container\">\n\t\t\t\t\t<div class=\"e-con-inner\">\n\t\t\t\t<div class=\"elementor-element elementor-element-2c120d8 elementor-widget elementor-widget-text-editor\" data-id=\"2c120d8\" data-element_type=\"widget\" data-widget_type=\"text-editor.default\">\n\t\t\t\t<div class=\"elementor-widget-container\">\n\t\t\t\t\t\t\t\t\t<div class=\"elementor-element elementor-element-0ef2388 elementor-widget elementor-widget-text-editor\" data-id=\"0ef2388\" data-element_type=\"widget\" data-widget_type=\"text-editor.default\"><div class=\"elementor-widget-container\"><p>Wenn Ihr Interesse an weiteren Informationen \u00fcber ISWI e.V. und seine Projekte besteht, besuchen Sie bitte unsere <strong><a href=\"https:\/\/iswi.org\/\">homepage<\/a><\/strong>.<\/p><\/div><\/div>\t\t\t\t\t\t\t\t<\/div>\n\t\t\t\t<\/div>\n\t\t\t\t\t<\/div>\n\t\t\t\t<\/div>\n\t\t<div class=\"elementor-element elementor-element-594f627 e-flex e-con-boxed e-con e-parent\" data-id=\"594f627\" data-element_type=\"container\">\n\t\t\t\t\t<div class=\"e-con-inner\">\n\t\t\t\t<div class=\"elementor-element elementor-element-f369024 elementor-widget elementor-widget-heading\" data-id=\"f369024\" data-element_type=\"widget\" data-widget_type=\"heading.default\">\n\t\t\t\t<div class=\"elementor-widget-container\">\n\t\t\t\t\t<h3 class=\"elementor-heading-title elementor-size-default\">Read More<\/h3>\t\t\t\t<\/div>\n\t\t\t\t<\/div>\n\t\t\t\t\t<\/div>\n\t\t\t\t<\/div>\n\t\t<div class=\"elementor-element elementor-element-33a67c2 e-flex e-con-boxed e-con e-parent\" data-id=\"33a67c2\" data-element_type=\"container\">\n\t\t\t\t\t<div class=\"e-con-inner\">\n\t\t<div class=\"elementor-element elementor-element-4dd0307 e-con-full e-flex e-con e-child\" data-id=\"4dd0307\" data-element_type=\"container\">\n\t\t\t\t<div class=\"elementor-element elementor-element-45d48ac elementor-widget elementor-widget-image\" data-id=\"45d48ac\" data-element_type=\"widget\" data-widget_type=\"image.default\">\n\t\t\t\t<div class=\"elementor-widget-container\">\n\t\t\t\t\t\t\t\t\t\t\t\t\t\t\t\t<a href=\"https:\/\/2025.iswi.org\/ilmenau-the-university\/\" target=\"_blank\">\n\t\t\t\t\t\t\t<img loading=\"lazy\" decoding=\"async\" width=\"768\" height=\"444\" src=\"https:\/\/2025.iswi.org\/wp-content\/uploads\/sites\/35\/2025\/06\/csm_210208_Praesident_Prof._Sattler_Portraet__c__TU_Ilmenau_Michael_Reichel_5ca1f64d09-e1749108366207.jpg\" class=\"elementor-animation-shrink attachment-large size-large wp-image-3344\" alt=\"\" srcset=\"https:\/\/2025.iswi.org\/wp-content\/uploads\/sites\/35\/2025\/06\/csm_210208_Praesident_Prof._Sattler_Portraet__c__TU_Ilmenau_Michael_Reichel_5ca1f64d09-e1749108366207.jpg 768w, https:\/\/2025.iswi.org\/wp-content\/uploads\/sites\/35\/2025\/06\/csm_210208_Praesident_Prof._Sattler_Portraet__c__TU_Ilmenau_Michael_Reichel_5ca1f64d09-e1749108366207-300x173.jpg 300w, https:\/\/2025.iswi.org\/wp-content\/uploads\/sites\/35\/2025\/06\/csm_210208_Praesident_Prof._Sattler_Portraet__c__TU_Ilmenau_Michael_Reichel_5ca1f64d09-e1749108366207-18x10.jpg 18w\" sizes=\"(max-width: 768px) 100vw, 768px\" \/>\t\t\t\t\t\t\t\t<\/a>\n\t\t\t\t\t\t\t\t\t\t\t\t\t\t\t<\/div>\n\t\t\t\t<\/div>\n\t\t\t\t<div class=\"elementor-element elementor-element-fcde4a9 elementor-widget elementor-widget-heading\" data-id=\"fcde4a9\" data-element_type=\"widget\" data-widget_type=\"heading.default\">\n\t\t\t\t<div class=\"elementor-widget-container\">\n\t\t\t\t\t<h5 class=\"elementor-heading-title elementor-size-default\">Greeting from the TU Ilmenau Rector<\/h5>\t\t\t\t<\/div>\n\t\t\t\t<\/div>\n\t\t\t\t<\/div>\n\t\t<div class=\"elementor-element elementor-element-7ec28e0 e-con-full e-flex e-con e-child\" data-id=\"7ec28e0\" data-element_type=\"container\">\n\t\t\t\t<div class=\"elementor-element elementor-element-de50223 elementor-widget elementor-widget-image\" data-id=\"de50223\" data-element_type=\"widget\" data-widget_type=\"image.default\">\n\t\t\t\t<div class=\"elementor-widget-container\">\n\t\t\t\t\t\t\t\t\t\t\t\t\t\t\t\t<a href=\"https:\/\/2025.iswi.org\/our-patron\/\" target=\"_blank\">\n\t\t\t\t\t\t\t<img loading=\"lazy\" decoding=\"async\" width=\"1024\" height=\"683\" src=\"https:\/\/2025.iswi.org\/wp-content\/uploads\/sites\/35\/2025\/05\/Katharina-Thote-1024x683.jpg\" class=\"elementor-animation-shrink attachment-large size-large wp-image-3265\" alt=\"\" srcset=\"https:\/\/2025.iswi.org\/wp-content\/uploads\/sites\/35\/2025\/05\/Katharina-Thote-1024x683.jpg 1024w, https:\/\/2025.iswi.org\/wp-content\/uploads\/sites\/35\/2025\/05\/Katharina-Thote-300x200.jpg 300w, https:\/\/2025.iswi.org\/wp-content\/uploads\/sites\/35\/2025\/05\/Katharina-Thote-768x512.jpg 768w, https:\/\/2025.iswi.org\/wp-content\/uploads\/sites\/35\/2025\/05\/Katharina-Thote-1536x1024.jpg 1536w, https:\/\/2025.iswi.org\/wp-content\/uploads\/sites\/35\/2025\/05\/Katharina-Thote-18x12.jpg 18w, https:\/\/2025.iswi.org\/wp-content\/uploads\/sites\/35\/2025\/05\/Katharina-Thote.jpg 2048w\" sizes=\"(max-width: 1024px) 100vw, 1024px\" \/>\t\t\t\t\t\t\t\t<\/a>\n\t\t\t\t\t\t\t\t\t\t\t\t\t\t\t<\/div>\n\t\t\t\t<\/div>\n\t\t\t\t<div class=\"elementor-element elementor-element-945ac73 elementor-widget elementor-widget-heading\" data-id=\"945ac73\" data-element_type=\"widget\" data-widget_type=\"heading.default\">\n\t\t\t\t<div class=\"elementor-widget-container\">\n\t\t\t\t\t<h5 class=\"elementor-heading-title elementor-size-default\">Greeting from the UNHCR Representative in Germany<\/h5>\t\t\t\t<\/div>\n\t\t\t\t<\/div>\n\t\t\t\t<\/div>\n\t\t\t\t\t<\/div>\n\t\t\t\t<\/div>\n\t\t<div class=\"elementor-element elementor-element-6ffddc2 e-flex e-con-boxed e-con e-parent\" data-id=\"6ffddc2\" data-element_type=\"container\">\n\t\t\t\t\t<div class=\"e-con-inner\">\n\t\t\t\t\t<\/div>\n\t\t\t\t<\/div>\n\t\t\t\t<\/div>","protected":false},"excerpt":{"rendered":"<p>What is ISWI? ISWI 2025 The \u201cInternational Student Week in Ilmenau\u201d (ISWI) is a conference for students organised by students. It takes place every alternative year at the campus of Technische Universit\u00e4t Ilmenau. Over 370 participants from more than 70 different countries took part in the last in-person ISWI in 2019, the after corona ISWI [&hellip;]<\/p>","protected":false},"author":164,"featured_media":3185,"parent":0,"menu_order":0,"comment_status":"closed","ping_status":"closed","template":"","meta":{"footnotes":""},"class_list":["post-1789","page","type-page","status-publish","has-post-thumbnail","hentry"],"blocksy_meta":[],"_links":{"self":[{"href":"https:\/\/2025.iswi.org\/de\/wp-json\/wp\/v2\/pages\/1789","targetHints":{"allow":["GET"]}}],"collection":[{"href":"https:\/\/2025.iswi.org\/de\/wp-json\/wp\/v2\/pages"}],"about":[{"href":"https:\/\/2025.iswi.org\/de\/wp-json\/wp\/v2\/types\/page"}],"author":[{"embeddable":true,"href":"https:\/\/2025.iswi.org\/de\/wp-json\/wp\/v2\/users\/164"}],"replies":[{"embeddable":true,"href":"https:\/\/2025.iswi.org\/de\/wp-json\/wp\/v2\/comments?post=1789"}],"version-history":[{"count":158,"href":"https:\/\/2025.iswi.org\/de\/wp-json\/wp\/v2\/pages\/1789\/revisions"}],"predecessor-version":[{"id":3735,"href":"https:\/\/2025.iswi.org\/de\/wp-json\/wp\/v2\/pages\/1789\/revisions\/3735"}],"wp:featuredmedia":[{"embeddable":true,"href":"https:\/\/2025.iswi.org\/de\/wp-json\/wp\/v2\/media\/3185"}],"wp:attachment":[{"href":"https:\/\/2025.iswi.org\/de\/wp-json\/wp\/v2\/media?parent=1789"}],"curies":[{"name":"wp","href":"https:\/\/api.w.org\/{rel}","templated":true}]}}