{"id":2088,"date":"2025-04-03T13:08:45","date_gmt":"2025-04-03T13:08:45","guid":{"rendered":"https:\/\/2025.iswi.org\/?page_id=2088"},"modified":"2025-06-05T10:12:35","modified_gmt":"2025-06-05T10:12:35","slug":"host","status":"publish","type":"page","link":"https:\/\/2025.iswi.org\/de\/host\/","title":{"rendered":"Werde Gastgeber*in"},"content":{"rendered":"<div data-elementor-type=\"wp-page\" data-elementor-id=\"2088\" class=\"elementor elementor-2088\">\n\t\t\t\t<div class=\"elementor-element elementor-element-80580be e-flex e-con-boxed e-con e-parent\" data-id=\"80580be\" data-element_type=\"container\">\n\t\t\t\t\t<div class=\"e-con-inner\">\n\t\t<div class=\"elementor-element elementor-element-a7695d0 e-flex e-con-boxed e-con e-child\" data-id=\"a7695d0\" data-element_type=\"container\">\n\t\t\t\t\t<div class=\"e-con-inner\">\n\t\t\t\t<div class=\"elementor-element elementor-element-055ba56 elementor-widget elementor-widget-heading\" data-id=\"055ba56\" data-element_type=\"widget\" data-widget_type=\"heading.default\">\n\t\t\t\t<div class=\"elementor-widget-container\">\n\t\t\t\t\t<h2 class=\"elementor-heading-title elementor-size-default\">Bewirbt euch als Gastgeber*in<\/h2>\t\t\t\t<\/div>\n\t\t\t\t<\/div>\n\t\t\t\t\t<\/div>\n\t\t\t\t<\/div>\n\t\t\t\t\t<\/div>\n\t\t\t\t<\/div>\n\t\t<div class=\"elementor-element elementor-element-2f69be7 e-flex e-con-boxed e-con e-parent\" data-id=\"2f69be7\" data-element_type=\"container\">\n\t\t\t\t\t<div class=\"e-con-inner\">\n\t\t\t\t<div class=\"elementor-element elementor-element-b7e4166 elementor-widget elementor-widget-text-editor\" data-id=\"b7e4166\" data-element_type=\"widget\" data-widget_type=\"text-editor.default\">\n\t\t\t\t<div class=\"elementor-widget-container\">\n\t\t\t\t\t\t\t\t\t<p>You can switch to the English version by using the button at the bottom.<\/p>\t\t\t\t\t\t\t\t<\/div>\n\t\t\t\t<\/div>\n\t\t\t\t\t<\/div>\n\t\t\t\t<\/div>\n\t\t<div class=\"elementor-element elementor-element-b99774b e-flex e-con-boxed e-con e-parent\" data-id=\"b99774b\" data-element_type=\"container\" data-settings=\"{&quot;animation&quot;:&quot;none&quot;}\">\n\t\t\t\t\t<div class=\"e-con-inner\">\n\t\t<div class=\"elementor-element elementor-element-ed86cf6 e-con-full e-flex e-con e-child\" data-id=\"ed86cf6\" data-element_type=\"container\">\n\t\t\t\t<div class=\"elementor-element elementor-element-67db86e elementor-widget elementor-widget-text-editor\" data-id=\"67db86e\" data-element_type=\"widget\" data-widget_type=\"text-editor.default\">\n\t\t\t\t<div class=\"elementor-widget-container\">\n\t\t\t\t\t\t\t\t\t<p class=\" translation-block\" data-start=\"78\" data-end=\"222\">Werde <strong data-start=\"\u201e78\u201c\" data-end=\"\u201e222\u201c\"> Gastgeber*in w\u00e4hrend der Internationalen Studierendenwoche in Ilmenau <\/strong>und helfe uns, 300 Studierende aus \u00fcber 94 L\u00e4ndern w\u00e4hrend der Woche zu beherbergen.<\/p><p class=\"\" data-start=\"224\" data-end=\"588\">Egal, ob du in einem Studierendenwohnheim, einer Wohngemeinschaft mit zehn Personen, mit deiner Familie in einem Haus oder alleine wohnst - jeder kann w\u00e4hrend der ISWI 2025 Gastgeber*in sein.<br data-start=\"376\" data-end=\"379\" \/>Du musst lediglich einen Schlafplatz und ein kleines Fr\u00fchst\u00fcck f\u00fcr 10 Tage, vom <strong data-start=\"463\" data-end=\"484\">12. bis 21. Juni<\/strong>, f\u00fcr einen oder mehrere ISWI-Teilnehmer*innen zur Verf\u00fcgung stellen.<br data-start=\"520\" data-end=\"523\" \/>Der Schlafplatz kann ein Bett, eine Matratze oder auch eine Couch sein. Falls du nichts davon hast, gebe es einfach bei der Anmeldung an. Bei Bedarf k\u00f6nnen wir Equipment auch verleihen.<\/p>\t\t\t\t\t\t\t\t<\/div>\n\t\t\t\t<\/div>\n\t\t\t\t<\/div>\n\t\t<div class=\"elementor-element elementor-element-152ca63 e-con-full e-flex e-con e-child\" data-id=\"152ca63\" data-element_type=\"container\">\n\t\t\t\t<div class=\"elementor-element elementor-element-0ec0101 elementor-widget elementor-widget-image\" data-id=\"0ec0101\" data-element_type=\"widget\" data-widget_type=\"image.default\">\n\t\t\t\t<div class=\"elementor-widget-container\">\n\t\t\t\t\t\t\t\t\t\t\t\t\t\t\t<img fetchpriority=\"high\" decoding=\"async\" width=\"1024\" height=\"683\" src=\"https:\/\/2025.iswi.org\/wp-content\/uploads\/sites\/35\/2025\/04\/53058140108_620bcce7df_k-1024x683.jpg\" class=\"elementor-animation-sink attachment-large size-large wp-image-2103\" alt=\"\" srcset=\"https:\/\/2025.iswi.org\/wp-content\/uploads\/sites\/35\/2025\/04\/53058140108_620bcce7df_k-1024x683.jpg 1024w, https:\/\/2025.iswi.org\/wp-content\/uploads\/sites\/35\/2025\/04\/53058140108_620bcce7df_k-300x200.jpg 300w, https:\/\/2025.iswi.org\/wp-content\/uploads\/sites\/35\/2025\/04\/53058140108_620bcce7df_k-768x512.jpg 768w, https:\/\/2025.iswi.org\/wp-content\/uploads\/sites\/35\/2025\/04\/53058140108_620bcce7df_k-1536x1024.jpg 1536w, https:\/\/2025.iswi.org\/wp-content\/uploads\/sites\/35\/2025\/04\/53058140108_620bcce7df_k.jpg 2048w\" sizes=\"(max-width: 1024px) 100vw, 1024px\" \/>\t\t\t\t\t\t\t\t\t\t\t\t\t\t\t<\/div>\n\t\t\t\t<\/div>\n\t\t\t\t<\/div>\n\t\t\t\t\t<\/div>\n\t\t\t\t<\/div>\n\t\t<div class=\"elementor-element elementor-element-6e9c3bb e-flex e-con-boxed e-con e-parent\" data-id=\"6e9c3bb\" data-element_type=\"container\" data-settings=\"{&quot;animation&quot;:&quot;none&quot;}\">\n\t\t\t\t\t<div class=\"e-con-inner\">\n\t\t\t\t<div class=\"elementor-element elementor-element-56faed4 elementor-widget elementor-widget-text-editor\" data-id=\"56faed4\" data-element_type=\"widget\" data-widget_type=\"text-editor.default\">\n\t\t\t\t<div class=\"elementor-widget-container\">\n\t\t\t\t\t\t\t\t\t<p><strong>Warum du JETZT Gastgeber*in werden solltest?<\/strong><\/p><ul><li><p>Du hast die M\u00f6glichkeit, dauerhafte Freundschaften \u00fcber Grenzen hinweg zu schlie\u00dfen.<\/p><\/li><li><p>Du kannst wertvolle interkulturelle Erfahrungen sammeln.<\/p><\/li><li><p>Du kannst vielleicht sogar eine deiner Fremdsprachen verbessern.<\/p><\/li><li><p>Genie\u00dfe als Gegenleistung unterhaltsame und bedeutende Gespr\u00e4che.<\/p><\/li><li>Nimm mit deinen Teilnehmenden an unseren zahlreichen Veranstaltungen teil.<\/li><li>Genie\u00dfe die ganze Woche \u00fcber den freien Eintritt in die Clubs des ILSC.<\/li><\/ul>\t\t\t\t\t\t\t\t<\/div>\n\t\t\t\t<\/div>\n\t\t\t\t\t<\/div>\n\t\t\t\t<\/div>\n\t\t<div class=\"elementor-element elementor-element-9f5e30c e-flex e-con-boxed elementor-invisible e-con e-parent\" data-id=\"9f5e30c\" data-element_type=\"container\" data-settings=\"{&quot;animation&quot;:&quot;fadeIn&quot;}\">\n\t\t\t\t\t<div class=\"e-con-inner\">\n\t\t\t\t<div class=\"elementor-element elementor-element-75838f5 elementor-widget elementor-widget-text-editor\" data-id=\"75838f5\" data-element_type=\"widget\" data-widget_type=\"text-editor.default\">\n\t\t\t\t<div class=\"elementor-widget-container\">\n\t\t\t\t\t\t\t\t\t<p><strong>Melde dich jetzt hier an:<\/strong>\u00a0<\/p>\t\t\t\t\t\t\t\t<\/div>\n\t\t\t\t<\/div>\n\t\t\t\t\t<\/div>\n\t\t\t\t<\/div>\n\t\t<div class=\"elementor-element elementor-element-346be79 e-flex e-con-boxed e-con e-parent\" data-id=\"346be79\" data-element_type=\"container\">\n\t\t\t\t\t<div class=\"e-con-inner\">\n\t\t\t\t<div class=\"elementor-element elementor-element-e806145 animated-slow elementor-invisible elementor-widget elementor-widget-html\" data-id=\"e806145\" data-element_type=\"widget\" data-settings=\"{&quot;_animation&quot;:&quot;flash&quot;}\" data-widget_type=\"html.default\">\n\t\t\t\t<div class=\"elementor-widget-container\">\n\t\t\t\t\t<a href=\"https:\/\/apply.iswi.org\/en\/hosting\" target=\"_blank\" rel=\"noopener noreferrer\" style=\"display: inline-block;background-color: #FF0000;color: #ffffff;padding: 0.75em 1.5em;font-size: 1.1em;text-decoration: none;border-radius: 6px\">\n  Anmeldung\n<\/a>\n\t\t\t\t<\/div>\n\t\t\t\t<\/div>\n\t\t\t\t\t<\/div>\n\t\t\t\t<\/div>\n\t\t<div class=\"elementor-element elementor-element-8c6eecc e-flex e-con-boxed e-con e-parent\" data-id=\"8c6eecc\" data-element_type=\"container\">\n\t\t\t\t\t<div class=\"e-con-inner\">\n\t\t\t\t<div class=\"elementor-element elementor-element-3e2ff9f elementor-widget elementor-widget-text-editor\" data-id=\"3e2ff9f\" data-element_type=\"widget\" data-widget_type=\"text-editor.default\">\n\t\t\t\t<div class=\"elementor-widget-container\">\n\t\t\t\t\t\t\t\t\t<p>For more information needed you can also contact us via host@iswi.org or dial +49 1575 6056506<\/p><p>Helfe uns, indem du diese einmalige M\u00f6glichkeit mit deinen Freund*innen teilst.<\/p><p>Meldet euch noch heute an und werdet Teil der ISWI.<br \/>Wir sehen uns dann beim Check-In!<\/p>\t\t\t\t\t\t\t\t<\/div>\n\t\t\t\t<\/div>\n\t\t\t\t\t<\/div>\n\t\t\t\t<\/div>\n\t\t<div class=\"elementor-element elementor-element-1830bf9 e-flex e-con-boxed e-con e-parent\" data-id=\"1830bf9\" data-element_type=\"container\">\n\t\t\t\t\t<div class=\"e-con-inner\">\n\t\t<div class=\"elementor-element elementor-element-d5422cb e-con-full e-flex e-con e-child\" data-id=\"d5422cb\" data-element_type=\"container\">\n\t\t\t\t<div class=\"elementor-element elementor-element-442a487 elementor-widget elementor-widget-wpforms\" data-id=\"442a487\" data-element_type=\"widget\" data-widget_type=\"wpforms.default\">\n\t\t\t\t<div class=\"elementor-widget-container\">\n\t\t\t\t\t<div class=\"wpforms-container wpforms-form inputtypetext textarea  color 000000  Black text  font-family Lato sans-serif font-size 16px  wpforms-render-modern\" id=\"wpforms-3073\"><form id=\"wpforms-form-3073\" class=\"wpforms-validate wpforms-form wpforms-ajax-form\" data-formid=\"3073\" method=\"post\" enctype=\"multipart\/form-data\" action=\"\/de\/wp-json\/wp\/v2\/pages\/2088\" data-token=\"a1d3c915be65c751681ac6f4829ed4c4\" data-token-time=\"1777490248\" data-trp-original-action=\"\/de\/wp-json\/wp\/v2\/pages\/2088\"><noscript class=\"wpforms-error-noscript\">Bitte aktiviere JavaScript in deinem Browser, um dieses Formular fertigzustellen.<\/noscript><div id=\"wpforms-error-noscript\" style=\"display: none;\">Bitte aktiviere JavaScript in deinem Browser, um dieses Formular fertigzustellen.<\/div><div class=\"wpforms-field-container\"><div id=\"wpforms-3073-field_2-container\" class=\"wpforms-field wpforms-field-textarea\" data-field-id=\"2\"><label class=\"wpforms-field-label\" for=\"wpforms-3073-field_2\">Du hast noch Zweifel? <span class=\"wpforms-required-label\" aria-hidden=\"true\">*<\/span><\/label><textarea id=\"wpforms-3073-field_2\" class=\"wpforms-field-small wpforms-field-required wpforms-limit-characters-enabled\" data-form-id=\"3073\" data-field-id=\"2\" data-text-limit=\"149\" name=\"wpforms[fields][2]\" placeholder=\"Lasst uns wissen, was euch auf dem Herzen habt.\" aria-errormessage=\"wpforms-3073-field_2-error\" maxlength=\"149\" required><\/textarea><\/div><div id=\"wpforms-3073-field_1-container\" class=\"wpforms-field wpforms-field-email\" data-field-id=\"1\"><label class=\"wpforms-field-label\" for=\"wpforms-3073-field_1\">Email <span class=\"wpforms-required-label\" aria-hidden=\"true\">*<\/span><\/label><input type=\"email\" id=\"wpforms-3073-field_1\" class=\"wpforms-field-medium wpforms-field-required\" name=\"wpforms[fields][1]\" spellcheck=\"false\" aria-errormessage=\"wpforms-3073-field_1-error\" required><\/div><\/div><!-- .wpforms-field-container --><div class=\"wpforms-submit-container\" ><input type=\"hidden\" name=\"wpforms[id]\" value=\"3073\"><input type=\"hidden\" name=\"page_title\" value=\"\"><input type=\"hidden\" name=\"page_url\" value=\"https:\/\/2025.iswi.org\/de\/wp-json\/wp\/v2\/pages\/2088\"><input type=\"hidden\" name=\"url_referer\" value=\"\"><button type=\"submit\" name=\"wpforms[submit]\" id=\"wpforms-submit-3073\" class=\"wpforms-submit\" data-alt-text=\"Sending...\" data-submit-text=\"Submit\" aria-live=\"assertive\" value=\"wpforms-submit\">Abschicken<\/button><img decoding=\"async\" src=\"https:\/\/2025.iswi.org\/wp-content\/plugins\/wpforms-lite\/assets\/images\/submit-spin.svg\" class=\"wpforms-submit-spinner\" style=\"display: none;\" width=\"26\" height=\"26\" alt=\"Wird geladen\"><\/div><input type=\"hidden\" name=\"trp-form-language\" value=\"de\"\/><\/form><\/div>  <!-- .wpforms-container -->\t\t\t\t<\/div>\n\t\t\t\t<\/div>\n\t\t\t\t<\/div>\n\t\t<div class=\"elementor-element elementor-element-f55ae87 e-con-full e-flex e-con e-child\" data-id=\"f55ae87\" data-element_type=\"container\">\n\t\t\t\t<div class=\"elementor-element elementor-element-c1e2aaa elementor-pagination-position-inside elementor-widget elementor-widget-image-carousel\" data-id=\"c1e2aaa\" data-element_type=\"widget\" data-settings=\"{&quot;slides_to_show&quot;:&quot;1&quot;,&quot;navigation&quot;:&quot;dots&quot;,&quot;autoplay_speed&quot;:&quot;3000&quot;,&quot;effect&quot;:&quot;fade&quot;,&quot;autoplay&quot;:&quot;yes&quot;,&quot;pause_on_hover&quot;:&quot;yes&quot;,&quot;pause_on_interaction&quot;:&quot;yes&quot;,&quot;infinite&quot;:&quot;yes&quot;,&quot;speed&quot;:500}\" data-widget_type=\"image-carousel.default\">\n\t\t\t\t<div class=\"elementor-widget-container\">\n\t\t\t\t\t\t\t<div class=\"elementor-image-carousel-wrapper swiper\" role=\"region\" aria-roledescription=\"carousel\" aria-label=\"Image Carousel\" dir=\"ltr\">\n\t\t\t<div class=\"elementor-image-carousel swiper-wrapper swiper-image-stretch\" aria-live=\"off\">\n\t\t\t\t\t\t\t\t<div class=\"swiper-slide\" role=\"group\" aria-roledescription=\"slide\" aria-label=\"1 of 5\"><figure class=\"swiper-slide-inner\"><img decoding=\"async\" class=\"swiper-slide-image\" src=\"https:\/\/2025.iswi.org\/wp-content\/uploads\/sites\/35\/2025\/05\/53043667950_28e1e03c92_k.jpg\" alt=\"53043667950_28e1e03c92_k\" \/><\/figure><\/div><div class=\"swiper-slide\" role=\"group\" aria-roledescription=\"slide\" aria-label=\"2 of 5\"><figure class=\"swiper-slide-inner\"><img decoding=\"async\" class=\"swiper-slide-image\" src=\"https:\/\/2025.iswi.org\/wp-content\/uploads\/sites\/35\/2025\/05\/53058044560_95c6816d32_k.jpg\" alt=\"53058044560_95c6816d32_k\" \/><\/figure><\/div><div class=\"swiper-slide\" role=\"group\" aria-roledescription=\"slide\" aria-label=\"3 of 5\"><figure class=\"swiper-slide-inner\"><img decoding=\"async\" class=\"swiper-slide-image\" src=\"https:\/\/2025.iswi.org\/wp-content\/uploads\/sites\/35\/2025\/05\/53057608756_1964f5f178_k.jpg\" alt=\"53057608756_1964f5f178_k\" \/><\/figure><\/div><div class=\"swiper-slide\" role=\"group\" aria-roledescription=\"slide\" aria-label=\"4 of 5\"><figure class=\"swiper-slide-inner\"><img decoding=\"async\" class=\"swiper-slide-image\" src=\"https:\/\/2025.iswi.org\/wp-content\/uploads\/sites\/35\/2025\/05\/53057053342_64101d6721_k.jpg\" alt=\"53057053342_64101d6721_k\" \/><\/figure><\/div><div class=\"swiper-slide\" role=\"group\" aria-roledescription=\"slide\" aria-label=\"5 of 5\"><figure class=\"swiper-slide-inner\"><img decoding=\"async\" class=\"swiper-slide-image\" src=\"https:\/\/2025.iswi.org\/wp-content\/uploads\/sites\/35\/2025\/05\/53058131753_bd90e5de1e_k.jpg\" alt=\"53058131753_bd90e5de1e_k\" \/><\/figure><\/div>\t\t\t<\/div>\n\t\t\t\t\t\t\t\n\t\t\t\t\t\t\t\t\t<div class=\"swiper-pagination\"><\/div>\n\t\t\t\t\t\t\t\t\t<\/div>\n\t\t\t\t\t\t<\/div>\n\t\t\t\t<\/div>\n\t\t\t\t<\/div>\n\t\t\t\t\t<\/div>\n\t\t\t\t<\/div>\n\t\t\t\t<\/div>","protected":false},"excerpt":{"rendered":"<p>Apply as a Host Ihr k\u00f6nnt die deutsche Version \u00fcber den Sprachschalter unten erreichen. Become a host during the International Student Week in Ilmenau and help us accommodate 300 students from over 94 countries during ISWI 2025. Whether you live in a student dormitory, a shared flat with ten people, alone in your own home, [&hellip;]<\/p>","protected":false},"author":153,"featured_media":2802,"parent":0,"menu_order":0,"comment_status":"closed","ping_status":"closed","template":"","meta":{"footnotes":""},"class_list":["post-2088","page","type-page","status-publish","has-post-thumbnail","hentry"],"blocksy_meta":[],"_links":{"self":[{"href":"https:\/\/2025.iswi.org\/de\/wp-json\/wp\/v2\/pages\/2088","targetHints":{"allow":["GET"]}}],"collection":[{"href":"https:\/\/2025.iswi.org\/de\/wp-json\/wp\/v2\/pages"}],"about":[{"href":"https:\/\/2025.iswi.org\/de\/wp-json\/wp\/v2\/types\/page"}],"author":[{"embeddable":true,"href":"https:\/\/2025.iswi.org\/de\/wp-json\/wp\/v2\/users\/153"}],"replies":[{"embeddable":true,"href":"https:\/\/2025.iswi.org\/de\/wp-json\/wp\/v2\/comments?post=2088"}],"version-history":[{"count":89,"href":"https:\/\/2025.iswi.org\/de\/wp-json\/wp\/v2\/pages\/2088\/revisions"}],"predecessor-version":[{"id":3395,"href":"https:\/\/2025.iswi.org\/de\/wp-json\/wp\/v2\/pages\/2088\/revisions\/3395"}],"wp:featuredmedia":[{"embeddable":true,"href":"https:\/\/2025.iswi.org\/de\/wp-json\/wp\/v2\/media\/2802"}],"wp:attachment":[{"href":"https:\/\/2025.iswi.org\/de\/wp-json\/wp\/v2\/media?parent=2088"}],"curies":[{"name":"wp","href":"https:\/\/api.w.org\/{rel}","templated":true}]}}