{"id":2692,"date":"2025-05-06T14:17:44","date_gmt":"2025-05-06T14:17:44","guid":{"rendered":"https:\/\/2025.iswi.org\/?page_id=2692"},"modified":"2025-06-17T13:01:41","modified_gmt":"2025-06-17T13:01:41","slug":"helper","status":"publish","type":"page","link":"https:\/\/2025.iswi.org\/de\/helper\/","title":{"rendered":"Werde Helfer*in"},"content":{"rendered":"<div data-elementor-type=\"wp-page\" data-elementor-id=\"2692\" class=\"elementor elementor-2692\">\n\t\t\t\t<div class=\"elementor-element elementor-element-b82e3d7 e-flex e-con-boxed e-con e-parent\" data-id=\"b82e3d7\" data-element_type=\"container\">\n\t\t\t\t\t<div class=\"e-con-inner\">\n\t\t\t\t<div class=\"elementor-element elementor-element-c828924 elementor-widget elementor-widget-heading\" data-id=\"c828924\" data-element_type=\"widget\" data-widget_type=\"heading.default\">\n\t\t\t\t<div class=\"elementor-widget-container\">\n\t\t\t\t\t<h2 class=\"elementor-heading-title elementor-size-default\">Werde Helfer*in<\/h2>\t\t\t\t<\/div>\n\t\t\t\t<\/div>\n\t\t\t\t\t<\/div>\n\t\t\t\t<\/div>\n\t\t<div class=\"elementor-element elementor-element-b3b23c7 e-flex e-con-boxed e-con e-parent\" data-id=\"b3b23c7\" data-element_type=\"container\">\n\t\t\t\t\t<div class=\"e-con-inner\">\n\t\t\t\t<div class=\"elementor-element elementor-element-b741e38 elementor-widget elementor-widget-text-editor\" data-id=\"b741e38\" data-element_type=\"widget\" data-widget_type=\"text-editor.default\">\n\t\t\t\t<div class=\"elementor-widget-container\">\n\t\t\t\t\t\t\t\t\t<p>Um unsere Vision der 17. Ausgabe der ISWI Wirklichkeit werden zu lassen, ben\u00f6tigen wir w\u00e4hrend unserer 10-t\u00e4gigen Veranstaltung mehr als 100 Helfer. Die Helfer k\u00f6nnen in ihrer jeweiligen Funktion dazu beitragen, dass die ISWI zu einem Erfolg wird, und zwar mit jeder \u00fcbernommenen Schicht.<\/p>\t\t\t\t\t\t\t\t<\/div>\n\t\t\t\t<\/div>\n\t\t\t\t\t<\/div>\n\t\t\t\t<\/div>\n\t\t<div class=\"elementor-element elementor-element-af68f90 e-flex e-con-boxed e-con e-parent\" data-id=\"af68f90\" data-element_type=\"container\">\n\t\t\t\t\t<div class=\"e-con-inner\">\n\t\t<div class=\"elementor-element elementor-element-91f7e30 e-con-full e-flex e-con e-child\" data-id=\"91f7e30\" data-element_type=\"container\">\n\t\t\t\t<div class=\"elementor-element elementor-element-1ce264b elementor-widget elementor-widget-text-editor\" data-id=\"1ce264b\" data-element_type=\"widget\" data-widget_type=\"text-editor.default\">\n\t\t\t\t<div class=\"elementor-widget-container\">\n\t\t\t\t\t\t\t\t\t<p>Helft uns, einen reibungslosen Ablauf der ISWI 2025 zu gew\u00e4hrleisten, indem ihr<\/p>\n<ul>\n<li>Helft an <b>einem<\/b> oder <b>mehreren Tage<\/b> mit, indem ihr euch f\u00fcr eine oder mehrere Schichten in der Woche vom 12. bis 21. Juni anmeldet<\/li>\n<li>Unterst\u00fctzung auf unterschiedliche Weise, z. B:\n<ul>\n<li>Vorlesungen mitorganisieren<\/li>\n<li>Lebensmitteln Verteilen<\/li>\n<li>Materialien Transpotieren<\/li>\n<li>Begleitende Teilnehmer*Innen<\/li>\n<li>Und viele andere n\u00fctzliche Aufgaben<\/li>\n<\/ul>\n<\/li>\n<\/ul>\t\t\t\t\t\t\t\t<\/div>\n\t\t\t\t<\/div>\n\t\t\t\t<\/div>\n\t\t<div class=\"elementor-element elementor-element-1316245 e-con-full e-flex e-con e-child\" data-id=\"1316245\" data-element_type=\"container\">\n\t\t\t\t<div class=\"elementor-element elementor-element-e279f1c elementor-widget elementor-widget-image\" data-id=\"e279f1c\" data-element_type=\"widget\" data-widget_type=\"image.default\">\n\t\t\t\t<div class=\"elementor-widget-container\">\n\t\t\t\t\t\t\t\t\t\t\t\t\t\t\t<img fetchpriority=\"high\" decoding=\"async\" width=\"1024\" height=\"683\" src=\"https:\/\/2025.iswi.org\/wp-content\/uploads\/sites\/35\/2025\/05\/53043727235_5709435840_k-1024x683.jpg\" class=\"elementor-animation-sink attachment-large size-large wp-image-2698\" alt=\"\" srcset=\"https:\/\/2025.iswi.org\/wp-content\/uploads\/sites\/35\/2025\/05\/53043727235_5709435840_k-1024x683.jpg 1024w, https:\/\/2025.iswi.org\/wp-content\/uploads\/sites\/35\/2025\/05\/53043727235_5709435840_k-300x200.jpg 300w, https:\/\/2025.iswi.org\/wp-content\/uploads\/sites\/35\/2025\/05\/53043727235_5709435840_k-768x512.jpg 768w, https:\/\/2025.iswi.org\/wp-content\/uploads\/sites\/35\/2025\/05\/53043727235_5709435840_k-1536x1024.jpg 1536w, https:\/\/2025.iswi.org\/wp-content\/uploads\/sites\/35\/2025\/05\/53043727235_5709435840_k-18x12.jpg 18w, https:\/\/2025.iswi.org\/wp-content\/uploads\/sites\/35\/2025\/05\/53043727235_5709435840_k.jpg 2048w\" sizes=\"(max-width: 1024px) 100vw, 1024px\" \/>\t\t\t\t\t\t\t\t\t\t\t\t\t\t\t<\/div>\n\t\t\t\t<\/div>\n\t\t\t\t<\/div>\n\t\t\t\t\t<\/div>\n\t\t\t\t<\/div>\n\t\t<div class=\"elementor-element elementor-element-952e347 e-flex e-con-boxed e-con e-parent\" data-id=\"952e347\" data-element_type=\"container\">\n\t\t\t\t\t<div class=\"e-con-inner\">\n\t\t\t\t<div class=\"elementor-element elementor-element-1eebb02 elementor-widget elementor-widget-heading\" data-id=\"1eebb02\" data-element_type=\"widget\" data-widget_type=\"heading.default\">\n\t\t\t\t<div class=\"elementor-widget-container\">\n\t\t\t\t\t<h3 class=\"elementor-heading-title elementor-size-default\">F\u00fcr Schichten anmelden<\/h3>\t\t\t\t<\/div>\n\t\t\t\t<\/div>\n\t\t\t\t\t<\/div>\n\t\t\t\t<\/div>\n\t\t<div class=\"elementor-element elementor-element-e7d2487 e-flex e-con-boxed e-con e-parent\" data-id=\"e7d2487\" data-element_type=\"container\">\n\t\t\t\t\t<div class=\"e-con-inner\">\n\t\t\t\t<div class=\"elementor-element elementor-element-d208788 elementor-widget elementor-widget-text-editor\" data-id=\"d208788\" data-element_type=\"widget\" data-widget_type=\"text-editor.default\">\n\t\t\t\t<div class=\"elementor-widget-container\">\n\t\t\t\t\t\t\t\t\t<p>After you click the button below, you&#8217;ll be taken to a page where you can choose from the available events, tasks, and time slots.<\/p>\t\t\t\t\t\t\t\t<\/div>\n\t\t\t\t<\/div>\n\t\t\t\t\t<\/div>\n\t\t\t\t<\/div>\n\t\t<div class=\"elementor-element elementor-element-42db887 e-flex e-con-boxed e-con e-parent\" data-id=\"42db887\" data-element_type=\"container\">\n\t\t\t\t\t<div class=\"e-con-inner\">\n\t\t\t\t<div class=\"elementor-element elementor-element-3f56b6f elementor-button-danger elementor-align-center elementor-widget elementor-widget-button\" data-id=\"3f56b6f\" data-element_type=\"widget\" data-widget_type=\"button.default\">\n\t\t\t\t<div class=\"elementor-widget-container\">\n\t\t\t\t\t\t\t\t\t<div class=\"elementor-button-wrapper\">\n\t\t\t\t\t<a class=\"elementor-button elementor-button-link elementor-size-md elementor-animation-grow\" href=\"https:\/\/helper2.iswi.org\/\">\n\t\t\t\t\t\t<span class=\"elementor-button-content-wrapper\">\n\t\t\t\t\t\t\t\t\t<span class=\"elementor-button-text\">Click here<\/span>\n\t\t\t\t\t<\/span>\n\t\t\t\t\t<\/a>\n\t\t\t\t<\/div>\n\t\t\t\t\t\t\t\t<\/div>\n\t\t\t\t<\/div>\n\t\t\t\t\t<\/div>\n\t\t\t\t<\/div>\n\t\t<div class=\"elementor-element elementor-element-93f3fbe e-flex e-con-boxed e-con e-parent\" data-id=\"93f3fbe\" data-element_type=\"container\">\n\t\t\t\t\t<div class=\"e-con-inner\">\n\t\t\t\t<div class=\"elementor-element elementor-element-5f9fcbc elementor-widget elementor-widget-heading\" data-id=\"5f9fcbc\" data-element_type=\"widget\" data-widget_type=\"heading.default\">\n\t\t\t\t<div class=\"elementor-widget-container\">\n\t\t\t\t\t<h3 class=\"elementor-heading-title elementor-size-default\">Read More<\/h3>\t\t\t\t<\/div>\n\t\t\t\t<\/div>\n\t\t\t\t\t<\/div>\n\t\t\t\t<\/div>\n\t\t<div class=\"elementor-element elementor-element-53fec68 e-flex e-con-boxed e-con e-parent\" data-id=\"53fec68\" data-element_type=\"container\">\n\t\t\t\t\t<div class=\"e-con-inner\">\n\t\t<div class=\"elementor-element elementor-element-162cefa e-con-full e-flex e-con e-child\" data-id=\"162cefa\" data-element_type=\"container\">\n\t\t\t\t<div class=\"elementor-element elementor-element-57bc086 elementor-widget elementor-widget-image\" data-id=\"57bc086\" data-element_type=\"widget\" data-widget_type=\"image.default\">\n\t\t\t\t<div class=\"elementor-widget-container\">\n\t\t\t\t\t\t\t\t\t\t\t\t\t\t\t\t<a href=\"https:\/\/2025.iswi.org\/timetable\" target=\"_blank\">\n\t\t\t\t\t\t\t<img decoding=\"async\" width=\"1024\" height=\"683\" src=\"https:\/\/2025.iswi.org\/wp-content\/uploads\/sites\/35\/2025\/05\/53043340046_03c83a652c_o-1024x683.jpg\" class=\"elementor-animation-shrink attachment-large size-large wp-image-2710\" alt=\"\" srcset=\"https:\/\/2025.iswi.org\/wp-content\/uploads\/sites\/35\/2025\/05\/53043340046_03c83a652c_o-1024x683.jpg 1024w, https:\/\/2025.iswi.org\/wp-content\/uploads\/sites\/35\/2025\/05\/53043340046_03c83a652c_o-300x200.jpg 300w, https:\/\/2025.iswi.org\/wp-content\/uploads\/sites\/35\/2025\/05\/53043340046_03c83a652c_o-768x512.jpg 768w, https:\/\/2025.iswi.org\/wp-content\/uploads\/sites\/35\/2025\/05\/53043340046_03c83a652c_o-1536x1024.jpg 1536w, https:\/\/2025.iswi.org\/wp-content\/uploads\/sites\/35\/2025\/05\/53043340046_03c83a652c_o-2048x1365.jpg 2048w, https:\/\/2025.iswi.org\/wp-content\/uploads\/sites\/35\/2025\/05\/53043340046_03c83a652c_o-18x12.jpg 18w\" sizes=\"(max-width: 1024px) 100vw, 1024px\" \/>\t\t\t\t\t\t\t\t<\/a>\n\t\t\t\t\t\t\t\t\t\t\t\t\t\t\t<\/div>\n\t\t\t\t<\/div>\n\t\t\t\t<div class=\"elementor-element elementor-element-fa30742 elementor-widget elementor-widget-heading\" data-id=\"fa30742\" data-element_type=\"widget\" data-widget_type=\"heading.default\">\n\t\t\t\t<div class=\"elementor-widget-container\">\n\t\t\t\t\t<h5 class=\"elementor-heading-title elementor-size-default\">See the timetable<\/h5>\t\t\t\t<\/div>\n\t\t\t\t<\/div>\n\t\t\t\t<\/div>\n\t\t<div class=\"elementor-element elementor-element-8ee4519 e-con-full e-flex e-con e-child\" data-id=\"8ee4519\" data-element_type=\"container\">\n\t\t\t\t<div class=\"elementor-element elementor-element-497a62f elementor-widget elementor-widget-image\" data-id=\"497a62f\" data-element_type=\"widget\" data-widget_type=\"image.default\">\n\t\t\t\t<div class=\"elementor-widget-container\">\n\t\t\t\t\t\t\t\t\t\t\t\t\t\t\t\t<a href=\"https:\/\/2025.iswi.org\/clubs\/\" target=\"_blank\">\n\t\t\t\t\t\t\t<img decoding=\"async\" width=\"1024\" height=\"683\" src=\"https:\/\/2025.iswi.org\/wp-content\/uploads\/sites\/35\/2025\/06\/34881908506_cd434a80f9_o-1024x683.jpg\" class=\"elementor-animation-shrink attachment-large size-large wp-image-3425\" alt=\"\" srcset=\"https:\/\/2025.iswi.org\/wp-content\/uploads\/sites\/35\/2025\/06\/34881908506_cd434a80f9_o-1024x683.jpg 1024w, https:\/\/2025.iswi.org\/wp-content\/uploads\/sites\/35\/2025\/06\/34881908506_cd434a80f9_o-300x200.jpg 300w, https:\/\/2025.iswi.org\/wp-content\/uploads\/sites\/35\/2025\/06\/34881908506_cd434a80f9_o-768x512.jpg 768w, https:\/\/2025.iswi.org\/wp-content\/uploads\/sites\/35\/2025\/06\/34881908506_cd434a80f9_o-1536x1024.jpg 1536w, https:\/\/2025.iswi.org\/wp-content\/uploads\/sites\/35\/2025\/06\/34881908506_cd434a80f9_o-2048x1366.jpg 2048w, https:\/\/2025.iswi.org\/wp-content\/uploads\/sites\/35\/2025\/06\/34881908506_cd434a80f9_o-18x12.jpg 18w\" sizes=\"(max-width: 1024px) 100vw, 1024px\" \/>\t\t\t\t\t\t\t\t<\/a>\n\t\t\t\t\t\t\t\t\t\t\t\t\t\t\t<\/div>\n\t\t\t\t<\/div>\n\t\t\t\t<div class=\"elementor-element elementor-element-50c82f7 elementor-widget elementor-widget-heading\" data-id=\"50c82f7\" data-element_type=\"widget\" data-widget_type=\"heading.default\">\n\t\t\t\t<div class=\"elementor-widget-container\">\n\t\t\t\t\t<h5 class=\"elementor-heading-title elementor-size-default\">Student Clubs Programs<\/h5>\t\t\t\t<\/div>\n\t\t\t\t<\/div>\n\t\t\t\t<\/div>\n\t\t\t\t\t<\/div>\n\t\t\t\t<\/div>\n\t\t<div class=\"elementor-element elementor-element-6c27afe e-flex e-con-boxed e-con e-parent\" data-id=\"6c27afe\" data-element_type=\"container\">\n\t\t\t\t\t<div class=\"e-con-inner\">\n\t\t\t\t<div class=\"elementor-element elementor-element-ee6941f elementor-widget elementor-widget-spacer\" data-id=\"ee6941f\" data-element_type=\"widget\" data-widget_type=\"spacer.default\">\n\t\t\t\t<div class=\"elementor-widget-container\">\n\t\t\t\t\t\t\t<div class=\"elementor-spacer\">\n\t\t\t<div class=\"elementor-spacer-inner\"><\/div>\n\t\t<\/div>\n\t\t\t\t\t\t<\/div>\n\t\t\t\t<\/div>\n\t\t\t\t\t<\/div>\n\t\t\t\t<\/div>\n\t\t\t\t<\/div>","protected":false},"excerpt":{"rendered":"<p>Join as a Helper To make our vision of the 17th edition of ISWI come to reality, we need more than 100 helpers during our 10-day-event. Helpers can contribute in their own capacity with each shift taken going a long way in making ISWI a success. Help us to ensure a smooth experience of ISWI [&hellip;]<\/p>","protected":false},"author":164,"featured_media":2696,"parent":0,"menu_order":0,"comment_status":"closed","ping_status":"closed","template":"","meta":{"footnotes":""},"class_list":["post-2692","page","type-page","status-publish","has-post-thumbnail","hentry"],"blocksy_meta":[],"_links":{"self":[{"href":"https:\/\/2025.iswi.org\/de\/wp-json\/wp\/v2\/pages\/2692","targetHints":{"allow":["GET"]}}],"collection":[{"href":"https:\/\/2025.iswi.org\/de\/wp-json\/wp\/v2\/pages"}],"about":[{"href":"https:\/\/2025.iswi.org\/de\/wp-json\/wp\/v2\/types\/page"}],"author":[{"embeddable":true,"href":"https:\/\/2025.iswi.org\/de\/wp-json\/wp\/v2\/users\/164"}],"replies":[{"embeddable":true,"href":"https:\/\/2025.iswi.org\/de\/wp-json\/wp\/v2\/comments?post=2692"}],"version-history":[{"count":61,"href":"https:\/\/2025.iswi.org\/de\/wp-json\/wp\/v2\/pages\/2692\/revisions"}],"predecessor-version":[{"id":3638,"href":"https:\/\/2025.iswi.org\/de\/wp-json\/wp\/v2\/pages\/2692\/revisions\/3638"}],"wp:featuredmedia":[{"embeddable":true,"href":"https:\/\/2025.iswi.org\/de\/wp-json\/wp\/v2\/media\/2696"}],"wp:attachment":[{"href":"https:\/\/2025.iswi.org\/de\/wp-json\/wp\/v2\/media?parent=2692"}],"curies":[{"name":"wp","href":"https:\/\/api.w.org\/{rel}","templated":true}]}}